{"id":880,"date":"2025-04-14T15:33:52","date_gmt":"2025-04-14T13:33:52","guid":{"rendered":"https:\/\/entremontselection.com\/mentions-legales\/"},"modified":"2026-01-20T13:09:16","modified_gmt":"2026-01-20T12:09:16","slug":"mentions-legales","status":"publish","type":"page","link":"https:\/\/entremontselection.com\/fr-ca\/mentions-legales\/","title":{"rendered":"Mentions l\u00e9gales"},"content":{"rendered":"<h2>Conditions g\u00e9n\u00e9rales d&rsquo;utilisation<\/h2>\n<p>Le Site <a href=\"https:\/\/www.entremontselection.com\">www.entremontselection.com<\/a> (ci-apr\u00e8s le \u00ab Site\u00bb) est \u00e9dit\u00e9 par Entremont.<\/p>\n<p>Nous vous souhaitons la bienvenue et vous invitons \u00e0 lire attentivement les pr\u00e9sentes conditions g\u00e9n\u00e9rales d\u2019utilisation qui r\u00e9gissent l\u2019acc\u00e8s et la navigation sur ce Site (ci-apr\u00e8s les \u00ab Conditions d\u2019Utilisation \u00bb).<\/p>\n<p>En acc\u00e9dant au Site, tout Utilisateur d\u00e9clare avoir lu et accept\u00e9 sans r\u00e9serve les pr\u00e9sentes Conditions d\u2019Utilisation et s\u2019engage \u00e0 s\u2019y conformer.<\/p>\n<p>Pour toute demande relative \u00e0 l\u2019utilisation du Site, vous pouvez nous contacter en cliquant sur le lien suivant : <a href=\"mailto:annabel.francony@sodiaal.fr\">annabel.francony@sodiaal.fr<\/a>.<\/p>\n<h2>Mentions l\u00e9gales<\/h2>\n<p>Le propri\u00e9taire et \u00e9diteur du Site est la soci\u00e9t\u00e9 : <strong>Entremont<\/strong><\/p>\n<p>ENTREMONT Alliance, soci\u00e9t\u00e9 par actions simplifi\u00e9es au capital 79 745 214,00 Euros, dont le si\u00e8ge social est situ\u00e9 au 25 Faubourg des Balmettes, 74000 Annecy, immatricul\u00e9e au RCS de Annecy sous le num\u00e9ro 325 520 450, T\u00e9l\u00e9phone : 04 50 33 74 74, repr\u00e9sent\u00e9 par Renaud Chamonal, Directeur G\u00e9n\u00e9ral.<\/p>\n<p>Le Site est d\u00e9velopp\u00e9 par la soci\u00e9t\u00e9 : <strong>Nude<\/strong><\/p>\n<p>SAS au capital de 100 674 \u20ac immatricul\u00e9e au RCS de Nanterre sous le N\u00b0 442 960 555 Code APE 7311Z, Si\u00e8ge social : 101 rue de Paris, 921000 Boulogne-Billancourt. T\u00e9l : 01 55 60 18 95. Site web : www.nude.eu<\/p>\n<p>Le site est h\u00e9berg\u00e9 par la soci\u00e9t\u00e9 : <strong>OVH<\/strong><\/p>\n<p>OVH SAS au capital de 50 000 000 \u20ac immatricul\u00e9e au RCS de Lille M\u00e9tropole sous le N\u00b0 424 761 419 00045 Code APE 2620Z TVA intracommunautaire : FR 22 424 761 419, Si\u00e8ge social : 2 rue Kellermann, 59100 Roubaix. T\u00e9l : 1007. Site web : www.ovhcloud.com<\/p>\n<h3>1. Acc\u00e8s au site<\/h3>\n<p>Vous pouvez acc\u00e9der librement et gratuitement au Site.<\/p>\n<p>Toutefois,\u202fles \u00e9quipements (ordinateur, t\u00e9l\u00e9phone, logiciels, moyens de t\u00e9l\u00e9communications, etc.) permettant l\u2019acc\u00e8s au Site sont \u00e0 la charge exclusive de l\u2019Utilisateur de m\u00eame que les frais de connexion au r\u00e9seau Internet.<\/p>\n<p>L\u2019Utilisateur s\u2019engage \u00e0 utiliser le Site et les services qu\u2019il propose dans le strict respect des pr\u00e9sentes Conditions d\u2019Utilisation, notamment en s\u2019interdisant toute utilisation malveillante et\/ou dommageable du Site, pouvant avoir pour effet d\u2019encombrer, ralentir ou perturber le fonctionnement du Site.<\/p>\n<h3>2. Propri\u00e9t\u00e9 intellectuelle<\/h3>\n<p>L\u2019int\u00e9gralit\u00e9 du site, \u00e0 savoir le logiciel, le contenu, les textes, graphismes, les vid\u00e9os, les images en direct et les images fixes, les sons, les icones, les proc\u00e9d\u00e9s, le produit, la technologie, les contenus t\u00e9l\u00e9chargeables et le savoir-faire en g\u00e9n\u00e9ral ainsi que tous les autres \u00e9l\u00e9ments qui font partie du portail sont la propri\u00e9t\u00e9 exclusive de Entremont ou de ses donneurs de licence.<\/p>\n<p>Toute utilisation totale ou partielle, copie, repr\u00e9sentation ou reproduction, publication, t\u00e9l\u00e9chargement, affichage, transmission ou diffusion de ce Site sous quelque forme que ce soit, sans avoir obtenu au pr\u00e9alable une autorisation \u00e9crite de Entremont, est interdite et sera consid\u00e9r\u00e9e comme une atteinte aux dispositions du Code Fran\u00e7ais de la Propri\u00e9t\u00e9 Intellectuelle.<\/p>\n<p>De m\u00eame, il est strictement interdit d\u2019utiliser ou de reproduire le nom Entremont et\/ou son logo, ainsi que toute version d\u00e9riv\u00e9e de ceux-ci. Ces marques\/logos sont prot\u00e9g\u00e9s par le droit d\u2019auteur. Toute reproduction totale ou partielle de telles marques commerciales et\/ou de tels logos qui serait faite sans avoir obtenu au pr\u00e9alable une autorisation \u00e9crite de Entremont est interdite conform\u00e9ment aux dispositions du Code fran\u00e7ais de la Propri\u00e9t\u00e9 Intellectuelle.<\/p>\n<p>Cette restriction s\u2019applique \u00e9galement aux marques et\/ou logo des partenaires commerciaux de Entremont pr\u00e9sentes sur ce Site.<\/p>\n<h3>3. Contenus et services propos\u00e9s sur le site<\/h3>\n<p>Nous fournissons des efforts raisonnables pour que les informations disponibles sur ce Site soient actualis\u00e9es, mais Entremont d\u00e9cline toute responsabilit\u00e9 pour toute impr\u00e9cision, inexactitude ou omission portant sur des contenus disponibles sur le Site.<\/p>\n<h4>Contenus t\u00e9l\u00e9chargeables<\/h4>\n<p>Nous pouvons \u00eatre amen\u00e9s \u00e0 mettre \u00e0 votre disposition sur ce Site des contenus que vous \u00eates autoris\u00e9s \u00e0 t\u00e9l\u00e9charger (ci-apr\u00e8s \u00ab Contenus T\u00e9l\u00e9chargeables \u00bb). Nous vous conc\u00e9dons, pour vos seuls besoins personnels et priv\u00e9s, \u00e0 titre gracieux et pour la dur\u00e9e l\u00e9gale de protection des droits de propri\u00e9t\u00e9 intellectuelle telle que d\u00e9finie par la l\u00e9gislation fran\u00e7aise, un droit non exclusif et non transf\u00e9rable d\u2019utilisation du Contenu T\u00e9l\u00e9chargeable. Toute reproduction, repr\u00e9sentation, modification ou distribution du Contenu T\u00e9l\u00e9chargeable est interdite. En t\u00e9l\u00e9chargeant ou en utilisant ces Contenus T\u00e9l\u00e9chargeables, vous vous engagez \u00e0 les utiliser conform\u00e9ment aux pr\u00e9sentes Conditions d\u2019Utilisation.<\/p>\n<h4>Contenus utilisateurs<\/h4>\n<p>Nous pouvons \u00eatre amen\u00e9s \u00e0 mettre \u00e0 disposition sur ce Site un espace d\u00e9di\u00e9e pour permettre \u00e0 nos utilisateurs de partager leurs propres contenus, tels que des textes, des photos, des vid\u00e9os, des avis, etc.<\/p>\n<p>En publiant un Contenu Utilisateur sur ce Site, vous Nous accordez par la pr\u00e9sente une licence gratuite, irr\u00e9vocable, non exclusive, mondiale et pour toute la dur\u00e9e des droits de propri\u00e9t\u00e9 intellectuelle, litt\u00e9raire et artistique et\/ou industrielle, et notamment du droit d\u2019auteur telle que d\u00e9finie par les l\u00e9gislations fran\u00e7aises et \u00e9trang\u00e8res et les conventions internationales (y compris toutes r\u00e8glementations suppl\u00e9tives ou modificatives ult\u00e9rieures), de reproduire, repr\u00e9senter, utiliser, copier, modifier, adapter, traduire, cr\u00e9er des \u0153uvres d\u00e9riv\u00e9es, int\u00e9grer dans d&rsquo;autres \u0153uvres, distribuer ce Contenu Utilisateur (en tout ou en partie).<\/p>\n<p>Cette utilisation est autoris\u00e9e \u00e0 toutes fins de communication interne ou externe, corporate ou financi\u00e8re, de publicit\u00e9, ainsi qu\u2019\u00e0 toutes fins de relations publiques, et \u00e0 des fins historiques ou d\u2019archives, de Entremont, de ses produits et\/ou de ses marques, et notamment l\u2019\u00e9dition \u00e9lectronique, informatique, num\u00e9rique, multim\u00e9dia, Internet et Intranets, tous sites (quel que soit le site et\/ou le support, incluant les sites dits \u00ab r\u00e9seaux sociaux \u00bb comme par exemple Facebook, Twitter, YouTube ou autre) nombre d\u2019insertions et diffusion illimit\u00e9es.<\/p>\n<p>Les contenus que vous publiez sur ce Site ou sur les r\u00e9seaux sociaux rel\u00e8vent de votre choix et de votre responsabilit\u00e9 exclusive. Toutefois, Nous vous rappelons que ces contenus ne devront pas \u00eatre contraires \u00e0 la l\u00e9gislation en vigueur, aux bonnes m\u0153urs et aux principes \u00e9nonc\u00e9s aux pr\u00e9sentes.<\/p>\n<h4>Sites tiers \/ Liens hypertexte<\/h4>\n<p>Les liens hypertextes mis en place sur ce Site peuvent vous conduire sur des sites Internet \u00e9dit\u00e9s par des tiers dont Nous ne ma\u00eetrisons pas le contenu, ni exer\u00e7ons aucune sorte de contr\u00f4le. La consultation des sites de tiers rel\u00e8vera de votre choix et de votre responsabilit\u00e9 exclusive. Entremont, n\u2019assume aucune responsabilit\u00e9 quant au contenu de ces sites tiers ou au contenu vers lequel ces sites tiers pourraient renvoyer. Aucun utilisateur ou visiteur du site n\u2019est autoris\u00e9 \u00e0 mettre en place un lien hypertexte vers ce Site sans avoir obtenu au pr\u00e9alable une autorisation expresse de Entremont.<\/p>\n<p>Les r\u00e9seaux sociaux sont des plateformes appartenant \u00e0 des tiers en cons\u00e9quence la diffusion des contenus sur ces r\u00e9seaux sociaux est gouvern\u00e9e par les conditions d\u2019utilisation \u00e9tablies par ces tiers. Ainsi, Nous d\u00e9clinons toute responsabilit\u00e9 quant \u00e0 l\u2019utilisation du contenu par Nous-m\u00eames ou par des tiers conform\u00e9ment aux conditions d\u2019utilisation \u00e9tablies par les r\u00e9seaux sociaux y compris en termes de p\u00e9rim\u00e8tre de droits conc\u00e9d\u00e9s, de dur\u00e9e des droits et de suppression des contenus.<\/p>\n<p>Par ailleurs, Nous vous rappelons notamment que tout contenu est susceptible d&rsquo;\u00eatre r\u00e9f\u00e9renc\u00e9 sur un moteur de recherche et, donc, d&rsquo;\u00eatre consult\u00e9 par un public ext\u00e9rieur \u00e0 celui du site.<\/p>\n<h4>Fonction Social Connect<\/h4>\n<p>Cette fonctionnalit\u00e9 vous permet de vous connecter \u00e0 nos sites avec vos comptes de r\u00e9seaux sociaux pour faciliter l\u2019acc\u00e8s \u00e0 nos services. Lorsque vous vous connectez \u00e0 nos sites avec ces compte tiers, Entremont peut acc\u00e9der \u00e0 certaines informations afin de vous offrir une exp\u00e9rience personnalis\u00e9e et sociale. Des informations suppl\u00e9mentaires \u00e0 celles d\u00e9j\u00e0 pr\u00e9sentes dans vos comptes sociaux pourront vous \u00eatre demand\u00e9es par Entremont. Il vous appartient de g\u00e9rer vos param\u00e8tres de confidentialit\u00e9 sur les r\u00e9seaux sociaux lorsque vous souhaitez vous connecter aux services Entremont avec vos identifiants de r\u00e9seaux sociaux.<\/p>\n<h3>4. Donn\u00e9es \u00e0 caract\u00e8re personnel<\/h3>\n<p>Entremont est soucieuse de la protection donn\u00e9e \u00e0 caract\u00e8re personnel. Elle s\u2019engage \u00e0 assurer le meilleur niveau de protection \u00e0 vos donn\u00e9es personnelles en conformit\u00e9 avec les r\u00e9glementations europ\u00e9ennes et fran\u00e7aises qui lui sont applicables en mati\u00e8re de protection des donn\u00e9es personnelles.<\/p>\n<p>Nous pouvons \u00eatre amen\u00e9s \u00e0 collecter les donn\u00e9es personnelles vous concernant, principalement pour les finalit\u00e9s suivantes\u202f:<\/p>\n<ul>\n<li>La personnalisation de nos services et les messages que nous vous adressons<\/li>\n<li>La personnalisation des publicit\u00e9s en ligne (publicit\u00e9 cibl\u00e9e)<\/li>\n<li>La connaissance client et les statistiques et performances de notre Site<\/li>\n<li>Les op\u00e9rations promotionnelles<\/li>\n<li>La s\u00e9curit\u00e9 de notre Site<\/li>\n<\/ul>\n<p>Conform\u00e9ment aux dispositions r\u00e8glementaires et l\u00e9gislatives en vigueur, vous b\u00e9n\u00e9ficiez des droits Informatique et Libert\u00e9s. Vous pouvez exercer vos droits \u00e0 tout moment en vous adressant \u00e0 notre D\u00e9l\u00e9gu\u00e9 \u00e0 la protection des donn\u00e9es personnelles (DPO). Pour plus d\u2019informations sur le traitement de vos donn\u00e9es \u00e0 caract\u00e8re personnel et l\u2019exercice de vos droits, nous vous invitons \u00e0 consulter notre Politique de confidentialit\u00e9 accessible en suivant <a href=\"https:\/\/entremontselection.com\/fr-ca\/politique-de-confidentialite\/\">ce lien<\/a>.<\/p>\n<h3>5. Utilisation des cookies<\/h3>\n<p>L&rsquo;Utilisateur est inform\u00e9 que certaines fonctionnalit\u00e9s de ce site reposent sur l\u2019usage de cookies. Ces cookies nous aident \u00e0 g\u00e9rer les param\u00e8tres indispensables au bon fonctionnement du site, tout en nous permettant de personnaliser et d\u2019am\u00e9liorer nos services. Il est important de noter qu\u2019un cookie ne peut en aucun cas permettre l\u2019acc\u00e8s \u00e0 l\u2019ordinateur de l\u2019utilisateur ou \u00e0 des informations personnelles, sauf si l\u2019utilisateur a explicitement consenti \u00e0 partager ces donn\u00e9es.<\/p>\n<p>Les informations relatives aux cookies sont consultables en suivant le lien\u202f<a href=\"https:\/\/entremontselection.com\/fr-ca\/gestion-cookies\/\">gestion des cookies<\/a>.<\/p>\n<h3>6. Modification du site et des conditions d&rsquo;utilisation<\/h3>\n<p>L&rsquo;information contenue dans ce Site ainsi que les pr\u00e9sentes Conditions d\u2019Utilisation peuvent \u00eatre modifi\u00e9s, corrig\u00e9s et\/ou compl\u00e9t\u00e9s \u00e0 tout moment, notamment afin de respecter toute nouvelle l\u00e9gislation et\/ou r\u00e9glementation applicable et\/ou afin d\u2019am\u00e9liorer le Site.<\/p>\n<p>La derni\u00e8re version des Conditions d\u2019Utilisation s\u2019impose aux utilisateurs. Si la modification implique votre acceptation expresse, le fait que vous continuiez \u00e0 utiliser le Site implique que vous acceptez les nouvelles Conditions d\u2019Utilisation.<\/p>\n<h3>7. Limitation de responsabilit\u00e9<\/h3>\n<p>Nous nous effor\u00e7ons de maintenir le Site et le Contenu accessibles \u00e0 tout moment. Toutefois, nous ne pouvons garantir la disponibilit\u00e9 et l\u2019accessibilit\u00e9 permanente du Site. Entremont est en droit, \u00e0 sa seule discr\u00e9tion, de suspendre, d&rsquo;interrompre ou d&rsquo;annuler, temporaire ou d\u00e9finitivement, l&rsquo;acc\u00e8s \u00e0 tout ou partie du Site dans les cas suivants mais dont la liste n&rsquo;est pas limitative : force majeure, probl\u00e8mes informatiques, difficult\u00e9s en rapport avec la structure du r\u00e9seau Internet et de t\u00e9l\u00e9communications, pour des raisons d\u2019ordre technique, de maintenance ou de s\u00e9curit\u00e9.<\/p>\n<p>Entremont ne saurait \u00eatre tenue responsable envers l\u2019Utilisateur du Site ou envers tout tiers pour tout dommage direct, indirect, immat\u00e9riel ou particulier\u202fqui pourrait avoir pour cause un emp\u00eachement \u00e0 utiliser ce Site, ou bien \u00e0 y acc\u00e9der, quelle que soit l&rsquo;information contenue dans ce Site ou dans un autre site reli\u00e9 par lien hypertexte. \u00c9galement, pour toute perte, quelle que soit sa cause, sa nature ou ses cons\u00e9quences. Cela inclut, sans aucune limitation, la perte de profits, de programmes, d\u2019\u00e9quipements informatiques ou de donn\u00e9es subie par le syst\u00e8me de gestion d\u2019information de l\u2019utilisateur ou tout autre syst\u00e8me.<\/p>\n<h3>8. Droit applicable<\/h3>\n<p>Pour toute question, r\u00e9clamation ou litige, l\u2019Utilisateur s\u2019adressera en premier lieu au responsable du Site afin de le r\u00e9soudre \u00e0 l\u2019amiable\u202fen cliquant sur le lien suivant\u202f:<\/p>\n<ul>\n<li>France : <a href=\"https:\/\/entremont.com\/\" target=\"_blank\" rel=\"noopener\">Cliquez sur ce lien<\/a><\/li>\n<li>Belgique : <a href=\"https:\/\/entremont.be\/\" target=\"_blank\" rel=\"noopener\">Cliquez sur ce lien<\/a><\/li>\n<\/ul>\n<p>Les pr\u00e9sentes Conditions d\u2019Utilisation ainsi que tous les documents ou actes qui en d\u00e9coulent sont r\u00e9gis par la loi fran\u00e7aise en vigueur. Elles sont r\u00e9dig\u00e9es en langue fran\u00e7aise. Dans le cas o\u00f9 elles seraient traduites en une ou plusieurs langues \u00e9trang\u00e8res, seul le texte fran\u00e7ais ferait foi en cas de litige.<\/p>\n<p>Tout litige ou toute contestation auquel pourrait donner lieu les pr\u00e9sentes Conditions d\u2019Utilisation, tant pour leur validit\u00e9, leur interpr\u00e9tation ou leur ex\u00e9cution sera port\u00e9 devant les juridictions fran\u00e7aises comp\u00e9tentes.<\/p>\n<p>\u00a9 Tous droits r\u00e9serv\u00e9s, Entremont &#8211; 2025<\/p>\n","protected":false},"excerpt":{"rendered":"<p>Conditions g\u00e9n\u00e9rales d&rsquo;utilisation Le Site www.entremontselection.com (ci-apr\u00e8s le \u00ab Site\u00bb) est \u00e9dit\u00e9 par Entremont. Nous vous souhaitons la bienvenue et vous invitons \u00e0 lire attentivement les pr\u00e9sentes conditions g\u00e9n\u00e9rales d\u2019utilisation qui r\u00e9gissent l\u2019acc\u00e8s et la navigation sur ce Site (ci-apr\u00e8s les \u00ab Conditions d\u2019Utilisation \u00bb). En acc\u00e9dant au Site, tout Utilisateur d\u00e9clare avoir lu et [&#8230;]<\/p>\n<p><a class=\"btn btn-secondary understrap-read-more-link\" href=\"https:\/\/entremontselection.com\/fr-ca\/mentions-legales\/\">Read More&#8230;<span class=\"screen-reader-text\"> from Mentions l\u00e9gales<\/span><\/a><\/p>\n","protected":false},"author":1,"featured_media":0,"parent":0,"menu_order":0,"comment_status":"closed","ping_status":"closed","template":"","meta":{"_acf_changed":false,"footnotes":""},"class_list":["post-880","page","type-page","status-publish","hentry"],"acf":[],"yoast_head":"<!-- This site is optimized with the Yoast SEO plugin v27.2 - https:\/\/yoast.com\/product\/yoast-seo-wordpress\/ -->\n<title>Mentions l\u00e9gales - Entremont S\u00e9lection<\/title>\n<meta name=\"robots\" content=\"index, follow, max-snippet:-1, max-image-preview:large, max-video-preview:-1\" \/>\n<link rel=\"canonical\" href=\"https:\/\/entremontselection.com\/fr-ca\/mentions-legales\/\" \/>\n<meta property=\"og:locale\" content=\"fr_CA\" \/>\n<meta property=\"og:type\" content=\"article\" \/>\n<meta property=\"og:title\" content=\"Mentions l\u00e9gales - Entremont S\u00e9lection\" \/>\n<meta property=\"og:description\" content=\"Conditions g\u00e9n\u00e9rales d&rsquo;utilisation Le Site www.entremontselection.com (ci-apr\u00e8s le \u00ab Site\u00bb) est \u00e9dit\u00e9 par Entremont. Nous vous souhaitons la bienvenue et vous invitons \u00e0 lire attentivement les pr\u00e9sentes conditions g\u00e9n\u00e9rales d\u2019utilisation qui r\u00e9gissent l\u2019acc\u00e8s et la navigation sur ce Site (ci-apr\u00e8s les \u00ab Conditions d\u2019Utilisation \u00bb). En acc\u00e9dant au Site, tout Utilisateur d\u00e9clare avoir lu et [...]Read More... from Mentions l\u00e9gales\" \/>\n<meta property=\"og:url\" content=\"https:\/\/entremontselection.com\/fr-ca\/mentions-legales\/\" \/>\n<meta property=\"og:site_name\" content=\"Entremont S\u00e9lection\" \/>\n<meta property=\"article:modified_time\" content=\"2026-01-20T12:09:16+00:00\" \/>\n<meta name=\"twitter:card\" content=\"summary_large_image\" \/>\n<meta name=\"twitter:label1\" content=\"Estimation du temps de lecture\" \/>\n\t<meta name=\"twitter:data1\" content=\"10 minutes\" \/>\n<script type=\"application\/ld+json\" class=\"yoast-schema-graph\">{\"@context\":\"https:\/\/schema.org\",\"@graph\":[{\"@type\":\"WebPage\",\"@id\":\"https:\/\/entremontselection.com\/fr-ca\/mentions-legales\/\",\"url\":\"https:\/\/entremontselection.com\/fr-ca\/mentions-legales\/\",\"name\":\"Mentions l\u00e9gales - Entremont S\u00e9lection\",\"isPartOf\":{\"@id\":\"https:\/\/entremontselection.com\/fr-ca\/#website\"},\"datePublished\":\"2025-04-14T13:33:52+00:00\",\"dateModified\":\"2026-01-20T12:09:16+00:00\",\"breadcrumb\":{\"@id\":\"https:\/\/entremontselection.com\/fr-ca\/mentions-legales\/#breadcrumb\"},\"inLanguage\":\"fr-CA\",\"potentialAction\":[{\"@type\":\"ReadAction\",\"target\":[\"https:\/\/entremontselection.com\/fr-ca\/mentions-legales\/\"]}]},{\"@type\":\"BreadcrumbList\",\"@id\":\"https:\/\/entremontselection.com\/fr-ca\/mentions-legales\/#breadcrumb\",\"itemListElement\":[{\"@type\":\"ListItem\",\"position\":1,\"name\":\"Accueil\",\"item\":\"https:\/\/entremontselection.com\/fr-ca\/\"},{\"@type\":\"ListItem\",\"position\":2,\"name\":\"Mentions l\u00e9gales\"}]},{\"@type\":\"WebSite\",\"@id\":\"https:\/\/entremontselection.com\/fr-ca\/#website\",\"url\":\"https:\/\/entremontselection.com\/fr-ca\/\",\"name\":\"Entremont S\u00e9lection\",\"description\":\"\",\"publisher\":{\"@id\":\"https:\/\/entremontselection.com\/fr-ca\/#organization\"},\"potentialAction\":[{\"@type\":\"SearchAction\",\"target\":{\"@type\":\"EntryPoint\",\"urlTemplate\":\"https:\/\/entremontselection.com\/fr-ca\/?s={search_term_string}\"},\"query-input\":{\"@type\":\"PropertyValueSpecification\",\"valueRequired\":true,\"valueName\":\"search_term_string\"}}],\"inLanguage\":\"fr-CA\"},{\"@type\":\"Organization\",\"@id\":\"https:\/\/entremontselection.com\/fr-ca\/#organization\",\"name\":\"Entremont S\u00e9lection\",\"url\":\"https:\/\/entremontselection.com\/fr-ca\/\",\"logo\":{\"@type\":\"ImageObject\",\"inLanguage\":\"fr-CA\",\"@id\":\"https:\/\/entremontselection.com\/fr-ca\/#\/schema\/logo\/image\/\",\"url\":\"https:\/\/entremontselection.com\/wp-content\/uploads\/2025\/04\/Entremont-Selection-Logo.png\",\"contentUrl\":\"https:\/\/entremontselection.com\/wp-content\/uploads\/2025\/04\/Entremont-Selection-Logo.png\",\"width\":1300,\"height\":1085,\"caption\":\"Entremont S\u00e9lection\"},\"image\":{\"@id\":\"https:\/\/entremontselection.com\/fr-ca\/#\/schema\/logo\/image\/\"}}]}<\/script>\n<!-- \/ Yoast SEO plugin. -->","yoast_head_json":{"title":"Mentions l\u00e9gales - Entremont S\u00e9lection","robots":{"index":"index","follow":"follow","max-snippet":"max-snippet:-1","max-image-preview":"max-image-preview:large","max-video-preview":"max-video-preview:-1"},"canonical":"https:\/\/entremontselection.com\/fr-ca\/mentions-legales\/","og_locale":"fr_CA","og_type":"article","og_title":"Mentions l\u00e9gales - Entremont S\u00e9lection","og_description":"Conditions g\u00e9n\u00e9rales d&rsquo;utilisation Le Site www.entremontselection.com (ci-apr\u00e8s le \u00ab Site\u00bb) est \u00e9dit\u00e9 par Entremont. Nous vous souhaitons la bienvenue et vous invitons \u00e0 lire attentivement les pr\u00e9sentes conditions g\u00e9n\u00e9rales d\u2019utilisation qui r\u00e9gissent l\u2019acc\u00e8s et la navigation sur ce Site (ci-apr\u00e8s les \u00ab Conditions d\u2019Utilisation \u00bb). En acc\u00e9dant au Site, tout Utilisateur d\u00e9clare avoir lu et [...]Read More... from Mentions l\u00e9gales","og_url":"https:\/\/entremontselection.com\/fr-ca\/mentions-legales\/","og_site_name":"Entremont S\u00e9lection","article_modified_time":"2026-01-20T12:09:16+00:00","twitter_card":"summary_large_image","twitter_misc":{"Estimation du temps de lecture":"10 minutes"},"schema":{"@context":"https:\/\/schema.org","@graph":[{"@type":"WebPage","@id":"https:\/\/entremontselection.com\/fr-ca\/mentions-legales\/","url":"https:\/\/entremontselection.com\/fr-ca\/mentions-legales\/","name":"Mentions l\u00e9gales - Entremont S\u00e9lection","isPartOf":{"@id":"https:\/\/entremontselection.com\/fr-ca\/#website"},"datePublished":"2025-04-14T13:33:52+00:00","dateModified":"2026-01-20T12:09:16+00:00","breadcrumb":{"@id":"https:\/\/entremontselection.com\/fr-ca\/mentions-legales\/#breadcrumb"},"inLanguage":"fr-CA","potentialAction":[{"@type":"ReadAction","target":["https:\/\/entremontselection.com\/fr-ca\/mentions-legales\/"]}]},{"@type":"BreadcrumbList","@id":"https:\/\/entremontselection.com\/fr-ca\/mentions-legales\/#breadcrumb","itemListElement":[{"@type":"ListItem","position":1,"name":"Accueil","item":"https:\/\/entremontselection.com\/fr-ca\/"},{"@type":"ListItem","position":2,"name":"Mentions l\u00e9gales"}]},{"@type":"WebSite","@id":"https:\/\/entremontselection.com\/fr-ca\/#website","url":"https:\/\/entremontselection.com\/fr-ca\/","name":"Entremont S\u00e9lection","description":"","publisher":{"@id":"https:\/\/entremontselection.com\/fr-ca\/#organization"},"potentialAction":[{"@type":"SearchAction","target":{"@type":"EntryPoint","urlTemplate":"https:\/\/entremontselection.com\/fr-ca\/?s={search_term_string}"},"query-input":{"@type":"PropertyValueSpecification","valueRequired":true,"valueName":"search_term_string"}}],"inLanguage":"fr-CA"},{"@type":"Organization","@id":"https:\/\/entremontselection.com\/fr-ca\/#organization","name":"Entremont S\u00e9lection","url":"https:\/\/entremontselection.com\/fr-ca\/","logo":{"@type":"ImageObject","inLanguage":"fr-CA","@id":"https:\/\/entremontselection.com\/fr-ca\/#\/schema\/logo\/image\/","url":"https:\/\/entremontselection.com\/wp-content\/uploads\/2025\/04\/Entremont-Selection-Logo.png","contentUrl":"https:\/\/entremontselection.com\/wp-content\/uploads\/2025\/04\/Entremont-Selection-Logo.png","width":1300,"height":1085,"caption":"Entremont S\u00e9lection"},"image":{"@id":"https:\/\/entremontselection.com\/fr-ca\/#\/schema\/logo\/image\/"}}]}},"_links":{"self":[{"href":"https:\/\/entremontselection.com\/fr-ca\/wp-json\/wp\/v2\/pages\/880","targetHints":{"allow":["GET"]}}],"collection":[{"href":"https:\/\/entremontselection.com\/fr-ca\/wp-json\/wp\/v2\/pages"}],"about":[{"href":"https:\/\/entremontselection.com\/fr-ca\/wp-json\/wp\/v2\/types\/page"}],"author":[{"embeddable":true,"href":"https:\/\/entremontselection.com\/fr-ca\/wp-json\/wp\/v2\/users\/1"}],"replies":[{"embeddable":true,"href":"https:\/\/entremontselection.com\/fr-ca\/wp-json\/wp\/v2\/comments?post=880"}],"version-history":[{"count":1,"href":"https:\/\/entremontselection.com\/fr-ca\/wp-json\/wp\/v2\/pages\/880\/revisions"}],"predecessor-version":[{"id":883,"href":"https:\/\/entremontselection.com\/fr-ca\/wp-json\/wp\/v2\/pages\/880\/revisions\/883"}],"wp:attachment":[{"href":"https:\/\/entremontselection.com\/fr-ca\/wp-json\/wp\/v2\/media?parent=880"}],"curies":[{"name":"wp","href":"https:\/\/api.w.org\/{rel}","templated":true}]}}