{"id":874,"date":"2025-04-16T11:23:08","date_gmt":"2025-04-16T09:23:08","guid":{"rendered":"https:\/\/entremontselection.com\/gestion-cookies\/"},"modified":"2026-01-20T13:05:24","modified_gmt":"2026-01-20T12:05:24","slug":"gestion-cookies","status":"publish","type":"page","link":"https:\/\/entremontselection.com\/fr-ca\/gestion-cookies\/","title":{"rendered":"Gestion des cookies"},"content":{"rendered":"<p>Lors de la consultation de ce Site, des traceurs\/cookies sont d\u00e9pos\u00e9s dans le navigateur de votre terminal (ordinateur, tablette ou t\u00e9l\u00e9phone mobile). Ils enregistrent des informations de mani\u00e8re temporaire ou permanent. Un cookie de session ne persiste que durant la session de navigation, il est supprim\u00e9 lors de la fermeture du navigateur. Un cookie permanent est install\u00e9 pour une dur\u00e9e d\u00e9termin\u00e9e. Ce type de cookie reste dans le terminal jusqu\u2019\u00e0 leur expiration ou jusqu\u2019\u00e0 ce qu\u2019ils soient supprim\u00e9s de l\u2019ordinateur via les param\u00e8tres ou extensions du navigateur.<\/p>\n<p>Les cookies ont diff\u00e9rentes fonctions et fournissent des informations sur l\u2019Utilisateur du Site. Certains cookies sont n\u00e9cessaires pour assurer le fonctionnement optimal du Site. D&rsquo;autres enregistrent des statistiques et des chiffres de fr\u00e9quentation du Site (nombre de visiteurs sur chaque page, origine g\u00e9ographique des appareils utilis\u00e9s pour visiter le Dite, etc.) et des statistiques de la consultation et l&rsquo;utilisation des \u00e9l\u00e9ments du Site (rubriques et contenus parcourus, dur\u00e9e de la visite, etc.). Ils permettent aussi l\u2019int\u00e9gration des services compl\u00e9mentaires tels que le partage de contenus du Site utilisant les r\u00e9seaux sociaux. Les cookies peuvent provenir de Nous (cookies de premi\u00e8re partie) ou de soci\u00e9t\u00e9s tierces (cookies de tierce partie).<\/p>\n<p>Vous n&rsquo;\u00eates pas oblig\u00e9 d&rsquo;accepter l&rsquo;utilisation de cookies. Nous vous invitons \u00e0 prendre connaissance de leur finalit\u00e9 et de s\u00e9lectionner ou refuser les cookies selon vos souhaits de navigation dans le bandeau de recueil de consentement aux cookies. Vous pouvez aussi configurer votre navigateur internet de mani\u00e8re \u00e0 \u00eatre inform\u00e9 de la mise en place de cookies et \u00e0 n&rsquo;autoriser les cookies que dans certains cas ou de mani\u00e8re g\u00e9n\u00e9rale \u00e0 activer la suppression automatique des cookies lorsque vous fermez votre navigateur.<\/p>\n<h3>Cookies pr\u00e9sents sur notre Site<\/h3>\n<h4>Les cookies n\u00e9cessaires au site pour fonctionner de mani\u00e8re optimale.<\/h4>\n<p>Ils sont indispensables \u00e0 la navigation sur le site ou \u00e0 la fourniture d&rsquo;un service express\u00e9ment demand\u00e9 par l&rsquo;utilisateur. Ils vous permettent d\u2019utiliser les principales fonctionnalit\u00e9s du site et de s\u00e9curiser votre connexion. Ces cookies ne peuvent pas \u00eatre d\u00e9sactiv\u00e9s ou param\u00e9tr\u00e9s sous peine de ne plus pouvoir acc\u00e9der au site, aux services du site et\/ou d\u2019en alt\u00e9rer l\u2019affichage. Ces cookies ne stockent aucune information personnelle identifiable. Leur dur\u00e9e de vie ne d\u00e9passe g\u00e9n\u00e9ralement pas la dur\u00e9e de la session.<\/p>\n<h4>Les cookies fonctionnels<\/h4>\n<p>Ils permettent d&rsquo;am\u00e9liorer les fonctionnalit\u00e9s du Site et d\u2019int\u00e9grer des services pour am\u00e9liorer l\u2019interactivit\u00e9 ou la personnalisation du Site (adapter la pr\u00e9sentation aux pr\u00e9f\u00e9rences d\u2019affichage de votre terminal\u202f: langue utilis\u00e9e, r\u00e9solution d\u2019affichage, syst\u00e8me d\u2019exploitation utilis\u00e9, etc.). Ils peuvent \u00eatre install\u00e9s par nous ou par des fournisseurs tiers dont nous avons ajout\u00e9 les services \u00e0 nos pages. Si vous n&rsquo;autorisez pas ces cookies, certains ou tous ces services risquent de ne pas fonctionner correctement.<\/p>\n<h4>Les cookies analytiques ou de performance<\/h4>\n<p>Ils permettent de suivre l\u2019utilisation et les performances du Site, d\u2019\u00e9tablir des statistiques sur le nombre de visiteurs (mesurer l\u2019audience) et sur l\u2019utilisation des divers \u00e9l\u00e9ments composant le Site. Vous pouvez les bloquer\u202fen utilisant les param\u00e8tres de votre navigateur internet ou les refuser \u00e0 tout moment en modifiant votre consentement en mati\u00e8re de cookies.<\/p>\n<p>Notre Site utilise \u00ab Google Analytics \u00bb comme dispositif d\u2019analyse d\u2019audience. Il s\u2019agit d\u2019un logiciel qui place des cookies sur votre ordinateur permettant d\u2019enregistrer des informations d\u2019utilisation du Site (la date et l\u2019heure de la visite, le nombre de visites sur le site, les pages consult\u00e9es, le temps pass\u00e9 sur le site, le taux de rebond, le syst\u00e8me d\u2019exploitation utilis\u00e9, le navigateur, le pays de connexion, les mots clefs saisis pour acc\u00e9der au site, la provenance des internautes, le comportement des internautes \u2026) et d\u2019\u00e9tablir des rapports statistiques. Les donn\u00e9es concernant votre utilisation du Site seront transmises, stock\u00e9es et sauvegard\u00e9es sur des serveurs de de Google aux Etats-Unis. Pour plus d&rsquo;informations sur les pratiques de Google en mati\u00e8re de confidentialit\u00e9, vous pouvez consulter la page Google Privacy &amp; Terms\u202f: <a href=\"https:\/\/policies.google.com\/privacy?hl=fr\" target=\"_blank\" rel=\"noopener\">R\u00e8gles de confidentialit\u00e9 et conditions d\u2019utilisation &#8211; Google<\/a><\/p>\n<h4>Les cookies de tiers ou \u00ab\u202ftierce partie<\/h4>\n<p>Il s\u2019agit de cookies provenant de tiers, qui sont d\u00e9pos\u00e9s sur votre terminal, principalement pour les services suivants :<\/p>\n<ul>\n<li>De recueil du consentement ou de refus de d\u00e9p\u00f4t des cookies du bandeau de gestion des cookies.<\/li>\n<li>De visualisation de contenu par des h\u00e9bergeurs comme YouTube, Dailymotion etc. pour les vid\u00e9os.<\/li>\n<li>De partage d\u2019information sur les r\u00e9seaux sociaux des contenus du site avec d\u2019autres personnes ou de faire conna\u00eetre \u00e0 d\u2019autres personnes votre consultation ou votre opinion concernant un contenu du Site.<\/li>\n<\/ul>\n<p>Les cookies d\u00e9pos\u00e9s par ces tiers peuvent m\u00e9moriser les pages et les sites internet que vous avez visit\u00e9s et peuvent collecter des donn\u00e9es personnelles telles que l\u2019adresse IP et les partager ensuite. Nous n\u2019avons aucun contr\u00f4le sur le processus employ\u00e9 par ces tiers pour collecter des informations relatives \u00e0 votre navigation sur notre site ni les donn\u00e9es personnelles dont ils disposent. Dans ce cas, vos donn\u00e9es sont trait\u00e9es par ces tiers agissant en qualit\u00e9 de responsables du traitement et sont soumises \u00e0 ses conditions d\u2019utilisation et \u00e0 sa politique de protection des donn\u00e9es personnelles. Nous vous invitons \u00e0 les consulter et \u00e0 prendre connaissance des finalit\u00e9s d\u2019utilisation et des informations qu\u2019ils peuvent recueillir avant de consentir \u00e0 la communication de vos donn\u00e9es au profit de ces tiers.<\/p>\n<h4>Param\u00e9trage du navigateur internet pour g\u00e9rer les \u00ab\u202fcookies\u202f\u00bb<\/h4>\n<p>La configuration de chaque navigateur \u00e9tant diff\u00e9rente, les liens ci-dessous vous indiqueront la marche \u00e0 suivre des navigateurs les plus courants :<\/p>\n<ul>\n<li><a href=\"https:\/\/support.microsoft.com\/fr-fr\/help\/17442\/windows-internet-explorer-delete-manage-cookies\" target=\"_blank\" rel=\"noopener\">Internet Explorer\u2122\u202f<\/a><\/li>\n<li><a href=\"https:\/\/support.apple.com\/fr-fr\/guide\/safari\/sfri11471\/mac\" target=\"_blank\" rel=\"noopener\">Safari\u2122<\/a><\/li>\n<li><a href=\"https:\/\/support.google.com\/chrome\/answer\/95647?co=GENIE.Platform%3DDesktop&amp;hl=fr\" target=\"_blank\" rel=\"noopener\">Chrome\u2122<\/a><\/li>\n<li><a href=\"https:\/\/support.mozilla.org\/fr\/kb\/effacer-les-cookies-pour-supprimer-les-information\" target=\"_blank\" rel=\"noopener\">Firefox\u2122<\/a><\/li>\n<li><a href=\"https:\/\/www.opera.com\/fr\/privacy\" target=\"_blank\" rel=\"noopener\">Op\u00e9ra\u2122<\/a><\/li>\n<\/ul>\n<p>Pour g\u00e9rer les cookies sur votre navigateur internet (les bloquer, d\u00e9sactiver ou supprimer) consultez le site de la CNIL <a href=\"https:\/\/www.cnil.fr\/fr\/cookies-et-autres-traceurs\/comment-se-proteger\/maitriser-votre-navigateur\" target=\"_blank\" rel=\"noopener\">https:\/\/www.cnil.fr\/fr\/cookies-et-autres-traceurs\/comment-se-proteger\/maitriser-votre-navigateur<\/a> ou bien les sites <a href=\"http:\/\/www.youronlinechoices.com\/fr\/\" target=\"_blank\" rel=\"noopener\">http:\/\/www.youronlinechoices.com\/fr\/<\/a>\u202f; <a href=\"http:\/\/www.allaboutcookies.org\/\" target=\"_blank\" rel=\"noopener\">http:\/\/www.allaboutcookies.org\/<\/a><\/p>\n<h4>Mise \u00e0 jour de la politique<\/h4>\n<p>Les pr\u00e9sentes mentions peuvent \u00eatre modifi\u00e9es \u00e0 tout moment. Ces modifications sont publi\u00e9es par leur mise en ligne et sont r\u00e9put\u00e9es accept\u00e9es sans r\u00e9serve par tout Utilisateur qui acc\u00e8de au Site post\u00e9rieurement \u00e0 leur mise en ligne.<\/p>\n<p>\u00a9 Tous les droits sont r\u00e9serv\u00e9s, Entremont Alliance &#8211; 2025<\/p>\n","protected":false},"excerpt":{"rendered":"<p>Lors de la consultation de ce Site, des traceurs\/cookies sont d\u00e9pos\u00e9s dans le navigateur de votre terminal (ordinateur, tablette ou t\u00e9l\u00e9phone mobile). Ils enregistrent des informations de mani\u00e8re temporaire ou permanent. Un cookie de session ne persiste que durant la session de navigation, il est supprim\u00e9 lors de la fermeture du navigateur. Un cookie permanent [&#8230;]<\/p>\n<p><a class=\"btn btn-secondary understrap-read-more-link\" href=\"https:\/\/entremontselection.com\/fr-ca\/gestion-cookies\/\">Read More&#8230;<span class=\"screen-reader-text\"> from Gestion des cookies<\/span><\/a><\/p>\n","protected":false},"author":1,"featured_media":0,"parent":0,"menu_order":0,"comment_status":"closed","ping_status":"closed","template":"","meta":{"_acf_changed":false,"footnotes":""},"class_list":["post-874","page","type-page","status-publish","hentry"],"acf":[],"yoast_head":"<!-- This site is optimized with the Yoast SEO plugin v27.2 - https:\/\/yoast.com\/product\/yoast-seo-wordpress\/ -->\n<title>Gestion des cookies - Entremont S\u00e9lection<\/title>\n<meta name=\"robots\" content=\"index, follow, max-snippet:-1, max-image-preview:large, max-video-preview:-1\" \/>\n<link rel=\"canonical\" href=\"https:\/\/entremontselection.com\/fr-ca\/gestion-cookies\/\" \/>\n<meta property=\"og:locale\" content=\"fr_CA\" \/>\n<meta property=\"og:type\" content=\"article\" \/>\n<meta property=\"og:title\" content=\"Gestion des cookies - Entremont S\u00e9lection\" \/>\n<meta property=\"og:description\" content=\"Lors de la consultation de ce Site, des traceurs\/cookies sont d\u00e9pos\u00e9s dans le navigateur de votre terminal (ordinateur, tablette ou t\u00e9l\u00e9phone mobile). Ils enregistrent des informations de mani\u00e8re temporaire ou permanent. Un cookie de session ne persiste que durant la session de navigation, il est supprim\u00e9 lors de la fermeture du navigateur. Un cookie permanent [...]Read More... from Gestion des cookies\" \/>\n<meta property=\"og:url\" content=\"https:\/\/entremontselection.com\/fr-ca\/gestion-cookies\/\" \/>\n<meta property=\"og:site_name\" content=\"Entremont S\u00e9lection\" \/>\n<meta property=\"article:modified_time\" content=\"2026-01-20T12:05:24+00:00\" \/>\n<meta name=\"twitter:card\" content=\"summary_large_image\" \/>\n<meta name=\"twitter:label1\" content=\"Estimation du temps de lecture\" \/>\n\t<meta name=\"twitter:data1\" content=\"5 minutes\" \/>\n<script type=\"application\/ld+json\" class=\"yoast-schema-graph\">{\"@context\":\"https:\/\/schema.org\",\"@graph\":[{\"@type\":\"WebPage\",\"@id\":\"https:\/\/entremontselection.com\/fr-ca\/gestion-cookies\/\",\"url\":\"https:\/\/entremontselection.com\/fr-ca\/gestion-cookies\/\",\"name\":\"Gestion des cookies - Entremont S\u00e9lection\",\"isPartOf\":{\"@id\":\"https:\/\/entremontselection.com\/fr-ca\/#website\"},\"datePublished\":\"2025-04-16T09:23:08+00:00\",\"dateModified\":\"2026-01-20T12:05:24+00:00\",\"breadcrumb\":{\"@id\":\"https:\/\/entremontselection.com\/fr-ca\/gestion-cookies\/#breadcrumb\"},\"inLanguage\":\"fr-CA\",\"potentialAction\":[{\"@type\":\"ReadAction\",\"target\":[\"https:\/\/entremontselection.com\/fr-ca\/gestion-cookies\/\"]}]},{\"@type\":\"BreadcrumbList\",\"@id\":\"https:\/\/entremontselection.com\/fr-ca\/gestion-cookies\/#breadcrumb\",\"itemListElement\":[{\"@type\":\"ListItem\",\"position\":1,\"name\":\"Accueil\",\"item\":\"https:\/\/entremontselection.com\/fr-ca\/\"},{\"@type\":\"ListItem\",\"position\":2,\"name\":\"Gestion des cookies\"}]},{\"@type\":\"WebSite\",\"@id\":\"https:\/\/entremontselection.com\/fr-ca\/#website\",\"url\":\"https:\/\/entremontselection.com\/fr-ca\/\",\"name\":\"Entremont S\u00e9lection\",\"description\":\"\",\"publisher\":{\"@id\":\"https:\/\/entremontselection.com\/fr-ca\/#organization\"},\"potentialAction\":[{\"@type\":\"SearchAction\",\"target\":{\"@type\":\"EntryPoint\",\"urlTemplate\":\"https:\/\/entremontselection.com\/fr-ca\/?s={search_term_string}\"},\"query-input\":{\"@type\":\"PropertyValueSpecification\",\"valueRequired\":true,\"valueName\":\"search_term_string\"}}],\"inLanguage\":\"fr-CA\"},{\"@type\":\"Organization\",\"@id\":\"https:\/\/entremontselection.com\/fr-ca\/#organization\",\"name\":\"Entremont S\u00e9lection\",\"url\":\"https:\/\/entremontselection.com\/fr-ca\/\",\"logo\":{\"@type\":\"ImageObject\",\"inLanguage\":\"fr-CA\",\"@id\":\"https:\/\/entremontselection.com\/fr-ca\/#\/schema\/logo\/image\/\",\"url\":\"https:\/\/entremontselection.com\/wp-content\/uploads\/2025\/04\/Entremont-Selection-Logo.png\",\"contentUrl\":\"https:\/\/entremontselection.com\/wp-content\/uploads\/2025\/04\/Entremont-Selection-Logo.png\",\"width\":1300,\"height\":1085,\"caption\":\"Entremont S\u00e9lection\"},\"image\":{\"@id\":\"https:\/\/entremontselection.com\/fr-ca\/#\/schema\/logo\/image\/\"}}]}<\/script>\n<!-- \/ Yoast SEO plugin. -->","yoast_head_json":{"title":"Gestion des cookies - Entremont S\u00e9lection","robots":{"index":"index","follow":"follow","max-snippet":"max-snippet:-1","max-image-preview":"max-image-preview:large","max-video-preview":"max-video-preview:-1"},"canonical":"https:\/\/entremontselection.com\/fr-ca\/gestion-cookies\/","og_locale":"fr_CA","og_type":"article","og_title":"Gestion des cookies - Entremont S\u00e9lection","og_description":"Lors de la consultation de ce Site, des traceurs\/cookies sont d\u00e9pos\u00e9s dans le navigateur de votre terminal (ordinateur, tablette ou t\u00e9l\u00e9phone mobile). Ils enregistrent des informations de mani\u00e8re temporaire ou permanent. Un cookie de session ne persiste que durant la session de navigation, il est supprim\u00e9 lors de la fermeture du navigateur. Un cookie permanent [...]Read More... from Gestion des cookies","og_url":"https:\/\/entremontselection.com\/fr-ca\/gestion-cookies\/","og_site_name":"Entremont S\u00e9lection","article_modified_time":"2026-01-20T12:05:24+00:00","twitter_card":"summary_large_image","twitter_misc":{"Estimation du temps de lecture":"5 minutes"},"schema":{"@context":"https:\/\/schema.org","@graph":[{"@type":"WebPage","@id":"https:\/\/entremontselection.com\/fr-ca\/gestion-cookies\/","url":"https:\/\/entremontselection.com\/fr-ca\/gestion-cookies\/","name":"Gestion des cookies - Entremont S\u00e9lection","isPartOf":{"@id":"https:\/\/entremontselection.com\/fr-ca\/#website"},"datePublished":"2025-04-16T09:23:08+00:00","dateModified":"2026-01-20T12:05:24+00:00","breadcrumb":{"@id":"https:\/\/entremontselection.com\/fr-ca\/gestion-cookies\/#breadcrumb"},"inLanguage":"fr-CA","potentialAction":[{"@type":"ReadAction","target":["https:\/\/entremontselection.com\/fr-ca\/gestion-cookies\/"]}]},{"@type":"BreadcrumbList","@id":"https:\/\/entremontselection.com\/fr-ca\/gestion-cookies\/#breadcrumb","itemListElement":[{"@type":"ListItem","position":1,"name":"Accueil","item":"https:\/\/entremontselection.com\/fr-ca\/"},{"@type":"ListItem","position":2,"name":"Gestion des cookies"}]},{"@type":"WebSite","@id":"https:\/\/entremontselection.com\/fr-ca\/#website","url":"https:\/\/entremontselection.com\/fr-ca\/","name":"Entremont S\u00e9lection","description":"","publisher":{"@id":"https:\/\/entremontselection.com\/fr-ca\/#organization"},"potentialAction":[{"@type":"SearchAction","target":{"@type":"EntryPoint","urlTemplate":"https:\/\/entremontselection.com\/fr-ca\/?s={search_term_string}"},"query-input":{"@type":"PropertyValueSpecification","valueRequired":true,"valueName":"search_term_string"}}],"inLanguage":"fr-CA"},{"@type":"Organization","@id":"https:\/\/entremontselection.com\/fr-ca\/#organization","name":"Entremont S\u00e9lection","url":"https:\/\/entremontselection.com\/fr-ca\/","logo":{"@type":"ImageObject","inLanguage":"fr-CA","@id":"https:\/\/entremontselection.com\/fr-ca\/#\/schema\/logo\/image\/","url":"https:\/\/entremontselection.com\/wp-content\/uploads\/2025\/04\/Entremont-Selection-Logo.png","contentUrl":"https:\/\/entremontselection.com\/wp-content\/uploads\/2025\/04\/Entremont-Selection-Logo.png","width":1300,"height":1085,"caption":"Entremont S\u00e9lection"},"image":{"@id":"https:\/\/entremontselection.com\/fr-ca\/#\/schema\/logo\/image\/"}}]}},"_links":{"self":[{"href":"https:\/\/entremontselection.com\/fr-ca\/wp-json\/wp\/v2\/pages\/874","targetHints":{"allow":["GET"]}}],"collection":[{"href":"https:\/\/entremontselection.com\/fr-ca\/wp-json\/wp\/v2\/pages"}],"about":[{"href":"https:\/\/entremontselection.com\/fr-ca\/wp-json\/wp\/v2\/types\/page"}],"author":[{"embeddable":true,"href":"https:\/\/entremontselection.com\/fr-ca\/wp-json\/wp\/v2\/users\/1"}],"replies":[{"embeddable":true,"href":"https:\/\/entremontselection.com\/fr-ca\/wp-json\/wp\/v2\/comments?post=874"}],"version-history":[{"count":1,"href":"https:\/\/entremontselection.com\/fr-ca\/wp-json\/wp\/v2\/pages\/874\/revisions"}],"predecessor-version":[{"id":875,"href":"https:\/\/entremontselection.com\/fr-ca\/wp-json\/wp\/v2\/pages\/874\/revisions\/875"}],"wp:attachment":[{"href":"https:\/\/entremontselection.com\/fr-ca\/wp-json\/wp\/v2\/media?parent=874"}],"curies":[{"name":"wp","href":"https:\/\/api.w.org\/{rel}","templated":true}]}}